{"id":3454,"date":"2026-04-10T11:57:15","date_gmt":"2026-04-10T11:57:15","guid":{"rendered":"https:\/\/condescending-allen.85-214-6-170.plesk.page\/?page_id=3454"},"modified":"2026-04-10T11:57:17","modified_gmt":"2026-04-10T11:57:17","slug":"stoffarben","status":"publish","type":"page","link":"https:\/\/condescending-allen.85-214-6-170.plesk.page\/index.php\/stoffarben\/","title":{"rendered":"Stoffarben"},"content":{"rendered":"\n<div class=\"wp-block-group alignfull is-layout-constrained wp-block-group-is-layout-constrained\" style=\"margin-top:0;margin-bottom:0;padding-top:var(--wp--preset--spacing--50);padding-bottom:var(--wp--preset--spacing--50)\">\n<div class=\"wp-block-columns alignwide is-layout-flex wp-container-core-columns-is-layout-30f78326 wp-block-columns-is-layout-flex\">\n<div class=\"wp-block-column is-layout-flow wp-block-column-is-layout-flow\" style=\"flex-basis:56%\">\n<figure class=\"wp-block-image size-full\"><img decoding=\"async\" src=\"https:\/\/condescending-allen.85-214-6-170.plesk.page\/wp-content\/themes\/twentytwentyfive\/assets\/images\/botany-flowers.webp\" alt=\"Bild einer Blume\" style=\"aspect-ratio:1;object-fit:cover\"\/><\/figure>\n<\/div>\n\n\n\n<div class=\"wp-block-column is-vertically-aligned-center is-layout-flow wp-block-column-is-layout-flow\">\n<h2 class=\"wp-block-heading\">Neu eingetroffen<\/h2>\n\n\n\n<p>Wie Blumen, die an unerwarteten Orten bl\u00fchen, entfaltet sich jede Geschichte mit Sch\u00f6nheit und Widerstandsf\u00e4higkeit und offenbart verborgene Wunder.<\/p>\n\n\n\n<div class=\"wp-block-buttons is-layout-flex wp-block-buttons-is-layout-flex\">\n<div class=\"wp-block-button\"><a class=\"wp-block-button__link wp-element-button\">Weitere Informationen<\/a><\/div>\n<\/div>\n<\/div>\n<\/div>\n<\/div>\n\n\n\n<div class=\"wp-block-group alignfull is-layout-constrained wp-block-group-is-layout-constrained\" style=\"margin-top:0;margin-bottom:0;padding-top:var(--wp--preset--spacing--50);padding-bottom:var(--wp--preset--spacing--50)\">\n<div class=\"wp-block-group alignwide is-layout-grid wp-container-core-group-is-layout-44da8b3d wp-block-group-is-layout-grid\">\n<div class=\"wp-block-group is-vertical is-layout-flex wp-container-core-group-is-layout-76a81b31 wp-block-group-is-layout-flex\">\n<h2 class=\"wp-block-heading has-x-large-font-size\">Top-Kategorien<\/h2>\n<\/div>\n\n\n\n<div class=\"wp-block-group is-vertical is-content-justification-stretch is-layout-flex wp-container-core-group-is-layout-b16ad781 wp-block-group-is-layout-flex\">\n<div class=\"wp-block-cover\"><img decoding=\"async\" class=\"wp-block-cover__image-background\" alt=\"Nahaufnahme einer roten Flamingoblume.\" src=\"https:\/\/condescending-allen.85-214-6-170.plesk.page\/wp-content\/themes\/twentytwentyfive\/assets\/images\/category-anthuriums.webp\" data-object-fit=\"cover\"\/><span aria-hidden=\"true\" class=\"wp-block-cover__background has-background-dim-0 has-background-dim\" style=\"background-color:#833d3a\"><\/span><div class=\"wp-block-cover__inner-container is-layout-constrained wp-block-cover-is-layout-constrained\">\n<div style=\"height:var(--wp--preset--spacing--20)\" aria-hidden=\"true\" class=\"wp-block-spacer\"><\/div>\n<\/div><\/div>\n\n\n\n<p class=\"has-text-align-center\">Flamingoblumen<\/p>\n<\/div>\n\n\n\n<div class=\"wp-block-group is-vertical is-content-justification-stretch is-layout-flex wp-container-core-group-is-layout-b16ad781 wp-block-group-is-layout-flex\">\n<div class=\"wp-block-cover is-light\"><img decoding=\"async\" class=\"wp-block-cover__image-background\" alt=\"\" src=\"https:\/\/condescending-allen.85-214-6-170.plesk.page\/wp-content\/themes\/twentytwentyfive\/assets\/images\/category-cactus.webp\" data-object-fit=\"cover\"\/><span aria-hidden=\"true\" class=\"wp-block-cover__background has-background-dim-0 has-background-dim\" style=\"background-color:#828282\"><\/span><div class=\"wp-block-cover__inner-container is-layout-constrained wp-block-cover-is-layout-constrained\">\n<div style=\"height:var(--wp--preset--spacing--20)\" aria-hidden=\"true\" class=\"wp-block-spacer\"><\/div>\n<\/div><\/div>\n\n\n\n<p class=\"has-text-align-center\">Kaktus<\/p>\n<\/div>\n\n\n\n<div class=\"wp-block-group is-vertical is-content-justification-stretch is-layout-flex wp-container-core-group-is-layout-b16ad781 wp-block-group-is-layout-flex\">\n<div class=\"wp-block-cover is-light\"><img decoding=\"async\" class=\"wp-block-cover__image-background\" alt=\"\" src=\"https:\/\/condescending-allen.85-214-6-170.plesk.page\/wp-content\/themes\/twentytwentyfive\/assets\/images\/category-sunflowers.webp\" data-object-fit=\"cover\"\/><span aria-hidden=\"true\" class=\"wp-block-cover__background has-background-dim-0 has-background-dim\" style=\"background-color:#d6bc98\"><\/span><div class=\"wp-block-cover__inner-container is-layout-constrained wp-block-cover-is-layout-constrained\">\n<div style=\"height:var(--wp--preset--spacing--20)\" aria-hidden=\"true\" class=\"wp-block-spacer\"><\/div>\n<\/div><\/div>\n\n\n\n<p class=\"has-text-align-center\">Sonnenblumen<\/p>\n<\/div>\n<\/div>\n<\/div>\n\n\n\n<div class=\"wp-block-group alignfull is-layout-constrained wp-block-group-is-layout-constrained\" style=\"margin-top:0;margin-bottom:0;padding-top:var(--wp--preset--spacing--50);padding-bottom:var(--wp--preset--spacing--50)\">\n<div class=\"wp-block-group alignwide is-layout-grid wp-container-core-group-is-layout-7700e1c4 wp-block-group-is-layout-grid\">\n<div class=\"wp-block-group is-style-section-3 is-layout-constrained wp-block-group-is-layout-constrained\" style=\"min-height:297px\">\n<div class=\"wp-block-group is-vertical is-content-justification-center is-layout-flex wp-container-core-group-is-layout-8e82d9b7 wp-block-group-is-layout-flex\" style=\"min-height:100%\">\n<h2 class=\"wp-block-heading has-large-font-size\">Instagram<\/h2>\n\n\n\n<p class=\"has-text-align-center has-medium-font-size\"><a href=\"#\">@beispiel<\/a><\/p>\n<\/div>\n<\/div>\n\n\n\n<figure class=\"wp-block-image size-full\"><img decoding=\"async\" src=\"https:\/\/condescending-allen.85-214-6-170.plesk.page\/wp-content\/themes\/twentytwentyfive\/assets\/images\/flower-meadow-square.webp\" alt=\"Foto eines Felds voller Blumen, einem blauen Himmel und einem Baum.\" style=\"aspect-ratio:1;object-fit:cover\"\/><\/figure>\n\n\n\n<figure class=\"wp-block-image size-full\"><img decoding=\"async\" src=\"https:\/\/condescending-allen.85-214-6-170.plesk.page\/wp-content\/themes\/twentytwentyfive\/assets\/images\/vash-gon-square.webp\" alt=\"Profilportr\u00e4t einer einheimischen Person.\" style=\"aspect-ratio:1;object-fit:cover\"\/><\/figure>\n\n\n\n<figure class=\"wp-block-image size-full\"><img decoding=\"async\" src=\"https:\/\/condescending-allen.85-214-6-170.plesk.page\/wp-content\/themes\/twentytwentyfive\/assets\/images\/coral-square.webp\" alt=\"Blick auf die Tiefsee.\" style=\"aspect-ratio:1;object-fit:cover\"\/><\/figure>\n\n\n\n<figure class=\"wp-block-image size-full\"><img decoding=\"async\" src=\"https:\/\/condescending-allen.85-214-6-170.plesk.page\/wp-content\/themes\/twentytwentyfive\/assets\/images\/agenda-img-4.webp\" alt=\"Portr\u00e4t einer afrikanischen Frau in traditioneller Tracht, die dekorativen Schmuck tr\u00e4gt.\" style=\"aspect-ratio:1;object-fit:cover\"\/><\/figure>\n\n\n\n<figure class=\"wp-block-image size-full\"><img decoding=\"async\" src=\"https:\/\/condescending-allen.85-214-6-170.plesk.page\/wp-content\/themes\/twentytwentyfive\/assets\/images\/parthenon-square.webp\" alt=\"Die Akropolis in Athen.\" style=\"aspect-ratio:1;object-fit:cover\"\/><\/figure>\n\n\n\n<figure class=\"wp-block-image size-full\"><img decoding=\"async\" src=\"https:\/\/condescending-allen.85-214-6-170.plesk.page\/wp-content\/themes\/twentytwentyfive\/assets\/images\/dallas-creek-square.webp\" alt=\"Nahaufnahme zweier Blumen auf dunklem Hintergrund.\" style=\"aspect-ratio:1;object-fit:cover\"\/><\/figure>\n\n\n\n<figure class=\"wp-block-image size-full\"><img decoding=\"async\" src=\"https:\/\/condescending-allen.85-214-6-170.plesk.page\/wp-content\/themes\/twentytwentyfive\/assets\/images\/marshland-birds-square.webp\" alt=\"V\u00f6gel auf einem See.\" style=\"aspect-ratio:1;object-fit:cover\"\/><\/figure>\n<\/div>\n<\/div>\n","protected":false},"excerpt":{"rendered":"<p>Neu eingetroffen Wie Blumen, die an unerwarteten Orten bl\u00fchen, entfaltet sich jede Geschichte mit Sch\u00f6nheit und Widerstandsf\u00e4higkeit und offenbart verborgene<\/p>\n","protected":false},"author":1,"featured_media":0,"parent":0,"menu_order":0,"comment_status":"closed","ping_status":"closed","template":"","meta":{"_acf_changed":false,"footnotes":""},"class_list":["post-3454","page","type-page","status-publish","hentry"],"acf":[],"yoast_head":"<!-- This site is optimized with the Yoast SEO plugin v27.4 - https:\/\/yoast.com\/product\/yoast-seo-wordpress\/ -->\n<title>Stoffarben - M\u00f6bel Daniels<\/title>\n<meta name=\"robots\" content=\"index, follow, max-snippet:-1, max-image-preview:large, max-video-preview:-1\" \/>\n<link rel=\"canonical\" href=\"https:\/\/condescending-allen.85-214-6-170.plesk.page\/index.php\/stoffarben\/\" \/>\n<meta property=\"og:locale\" content=\"de_DE\" \/>\n<meta property=\"og:type\" content=\"article\" \/>\n<meta property=\"og:title\" content=\"Stoffarben - M\u00f6bel Daniels\" \/>\n<meta property=\"og:description\" content=\"Neu eingetroffen Wie Blumen, die an unerwarteten Orten bl\u00fchen, entfaltet sich jede Geschichte mit Sch\u00f6nheit und Widerstandsf\u00e4higkeit und offenbart verborgene\" \/>\n<meta property=\"og:url\" content=\"https:\/\/condescending-allen.85-214-6-170.plesk.page\/index.php\/stoffarben\/\" \/>\n<meta property=\"og:site_name\" content=\"M\u00f6bel Daniels\" \/>\n<meta property=\"article:modified_time\" content=\"2026-04-10T11:57:17+00:00\" \/>\n<meta property=\"og:image\" content=\"https:\/\/condescending-allen.85-214-6-170.plesk.page\/wp-content\/themes\/twentytwentyfive\/assets\/images\/botany-flowers.webp\" \/>\n<meta name=\"twitter:card\" content=\"summary_large_image\" \/>\n<meta name=\"twitter:label1\" content=\"Gesch\u00e4tzte Lesezeit\" \/>\n\t<meta name=\"twitter:data1\" content=\"3\u00a0Minuten\" \/>\n<script type=\"application\/ld+json\" class=\"yoast-schema-graph\">{\"@context\":\"https:\\\/\\\/schema.org\",\"@graph\":[{\"@type\":\"WebPage\",\"@id\":\"https:\\\/\\\/condescending-allen.85-214-6-170.plesk.page\\\/index.php\\\/stoffarben\\\/\",\"url\":\"https:\\\/\\\/condescending-allen.85-214-6-170.plesk.page\\\/index.php\\\/stoffarben\\\/\",\"name\":\"Stoffarben - M\u00f6bel Daniels\",\"isPartOf\":{\"@id\":\"https:\\\/\\\/condescending-allen.85-214-6-170.plesk.page\\\/#website\"},\"primaryImageOfPage\":{\"@id\":\"https:\\\/\\\/condescending-allen.85-214-6-170.plesk.page\\\/index.php\\\/stoffarben\\\/#primaryimage\"},\"image\":{\"@id\":\"https:\\\/\\\/condescending-allen.85-214-6-170.plesk.page\\\/index.php\\\/stoffarben\\\/#primaryimage\"},\"thumbnailUrl\":\"https:\\\/\\\/condescending-allen.85-214-6-170.plesk.page\\\/wp-content\\\/themes\\\/twentytwentyfive\\\/assets\\\/images\\\/botany-flowers.webp\",\"datePublished\":\"2026-04-10T11:57:15+00:00\",\"dateModified\":\"2026-04-10T11:57:17+00:00\",\"breadcrumb\":{\"@id\":\"https:\\\/\\\/condescending-allen.85-214-6-170.plesk.page\\\/index.php\\\/stoffarben\\\/#breadcrumb\"},\"inLanguage\":\"de\",\"potentialAction\":[{\"@type\":\"ReadAction\",\"target\":[\"https:\\\/\\\/condescending-allen.85-214-6-170.plesk.page\\\/index.php\\\/stoffarben\\\/\"]}]},{\"@type\":\"ImageObject\",\"inLanguage\":\"de\",\"@id\":\"https:\\\/\\\/condescending-allen.85-214-6-170.plesk.page\\\/index.php\\\/stoffarben\\\/#primaryimage\",\"url\":\"https:\\\/\\\/condescending-allen.85-214-6-170.plesk.page\\\/wp-content\\\/themes\\\/twentytwentyfive\\\/assets\\\/images\\\/botany-flowers.webp\",\"contentUrl\":\"https:\\\/\\\/condescending-allen.85-214-6-170.plesk.page\\\/wp-content\\\/themes\\\/twentytwentyfive\\\/assets\\\/images\\\/botany-flowers.webp\"},{\"@type\":\"BreadcrumbList\",\"@id\":\"https:\\\/\\\/condescending-allen.85-214-6-170.plesk.page\\\/index.php\\\/stoffarben\\\/#breadcrumb\",\"itemListElement\":[{\"@type\":\"ListItem\",\"position\":1,\"name\":\"Start\",\"item\":\"https:\\\/\\\/condescending-allen.85-214-6-170.plesk.page\\\/\"},{\"@type\":\"ListItem\",\"position\":2,\"name\":\"Stoffarben\"}]},{\"@type\":\"WebSite\",\"@id\":\"https:\\\/\\\/condescending-allen.85-214-6-170.plesk.page\\\/#website\",\"url\":\"https:\\\/\\\/condescending-allen.85-214-6-170.plesk.page\\\/\",\"name\":\"M\u00f6bel Daniels\",\"description\":\"\",\"publisher\":{\"@id\":\"https:\\\/\\\/condescending-allen.85-214-6-170.plesk.page\\\/#organization\"},\"potentialAction\":[{\"@type\":\"SearchAction\",\"target\":{\"@type\":\"EntryPoint\",\"urlTemplate\":\"https:\\\/\\\/condescending-allen.85-214-6-170.plesk.page\\\/?s={search_term_string}\"},\"query-input\":{\"@type\":\"PropertyValueSpecification\",\"valueRequired\":true,\"valueName\":\"search_term_string\"}}],\"inLanguage\":\"de\"},{\"@type\":\"Organization\",\"@id\":\"https:\\\/\\\/condescending-allen.85-214-6-170.plesk.page\\\/#organization\",\"name\":\"M\u00f6bel Daniels\",\"url\":\"https:\\\/\\\/condescending-allen.85-214-6-170.plesk.page\\\/\",\"logo\":{\"@type\":\"ImageObject\",\"inLanguage\":\"de\",\"@id\":\"https:\\\/\\\/condescending-allen.85-214-6-170.plesk.page\\\/#\\\/schema\\\/logo\\\/image\\\/\",\"url\":\"https:\\\/\\\/condescending-allen.85-214-6-170.plesk.page\\\/wp-content\\\/uploads\\\/2026\\\/01\\\/Logo-v1-anthrazit-Wasserzeichen-kleiner.png\",\"contentUrl\":\"https:\\\/\\\/condescending-allen.85-214-6-170.plesk.page\\\/wp-content\\\/uploads\\\/2026\\\/01\\\/Logo-v1-anthrazit-Wasserzeichen-kleiner.png\",\"width\":300,\"height\":125,\"caption\":\"M\u00f6bel Daniels\"},\"image\":{\"@id\":\"https:\\\/\\\/condescending-allen.85-214-6-170.plesk.page\\\/#\\\/schema\\\/logo\\\/image\\\/\"}}]}<\/script>\n<!-- \/ Yoast SEO plugin. -->","yoast_head_json":{"title":"Stoffarben - M\u00f6bel Daniels","robots":{"index":"index","follow":"follow","max-snippet":"max-snippet:-1","max-image-preview":"max-image-preview:large","max-video-preview":"max-video-preview:-1"},"canonical":"https:\/\/condescending-allen.85-214-6-170.plesk.page\/index.php\/stoffarben\/","og_locale":"de_DE","og_type":"article","og_title":"Stoffarben - M\u00f6bel Daniels","og_description":"Neu eingetroffen Wie Blumen, die an unerwarteten Orten bl\u00fchen, entfaltet sich jede Geschichte mit Sch\u00f6nheit und Widerstandsf\u00e4higkeit und offenbart verborgene","og_url":"https:\/\/condescending-allen.85-214-6-170.plesk.page\/index.php\/stoffarben\/","og_site_name":"M\u00f6bel Daniels","article_modified_time":"2026-04-10T11:57:17+00:00","og_image":[{"url":"https:\/\/condescending-allen.85-214-6-170.plesk.page\/wp-content\/themes\/twentytwentyfive\/assets\/images\/botany-flowers.webp","type":"","width":"","height":""}],"twitter_card":"summary_large_image","twitter_misc":{"Gesch\u00e4tzte Lesezeit":"3\u00a0Minuten"},"schema":{"@context":"https:\/\/schema.org","@graph":[{"@type":"WebPage","@id":"https:\/\/condescending-allen.85-214-6-170.plesk.page\/index.php\/stoffarben\/","url":"https:\/\/condescending-allen.85-214-6-170.plesk.page\/index.php\/stoffarben\/","name":"Stoffarben - M\u00f6bel Daniels","isPartOf":{"@id":"https:\/\/condescending-allen.85-214-6-170.plesk.page\/#website"},"primaryImageOfPage":{"@id":"https:\/\/condescending-allen.85-214-6-170.plesk.page\/index.php\/stoffarben\/#primaryimage"},"image":{"@id":"https:\/\/condescending-allen.85-214-6-170.plesk.page\/index.php\/stoffarben\/#primaryimage"},"thumbnailUrl":"https:\/\/condescending-allen.85-214-6-170.plesk.page\/wp-content\/themes\/twentytwentyfive\/assets\/images\/botany-flowers.webp","datePublished":"2026-04-10T11:57:15+00:00","dateModified":"2026-04-10T11:57:17+00:00","breadcrumb":{"@id":"https:\/\/condescending-allen.85-214-6-170.plesk.page\/index.php\/stoffarben\/#breadcrumb"},"inLanguage":"de","potentialAction":[{"@type":"ReadAction","target":["https:\/\/condescending-allen.85-214-6-170.plesk.page\/index.php\/stoffarben\/"]}]},{"@type":"ImageObject","inLanguage":"de","@id":"https:\/\/condescending-allen.85-214-6-170.plesk.page\/index.php\/stoffarben\/#primaryimage","url":"https:\/\/condescending-allen.85-214-6-170.plesk.page\/wp-content\/themes\/twentytwentyfive\/assets\/images\/botany-flowers.webp","contentUrl":"https:\/\/condescending-allen.85-214-6-170.plesk.page\/wp-content\/themes\/twentytwentyfive\/assets\/images\/botany-flowers.webp"},{"@type":"BreadcrumbList","@id":"https:\/\/condescending-allen.85-214-6-170.plesk.page\/index.php\/stoffarben\/#breadcrumb","itemListElement":[{"@type":"ListItem","position":1,"name":"Start","item":"https:\/\/condescending-allen.85-214-6-170.plesk.page\/"},{"@type":"ListItem","position":2,"name":"Stoffarben"}]},{"@type":"WebSite","@id":"https:\/\/condescending-allen.85-214-6-170.plesk.page\/#website","url":"https:\/\/condescending-allen.85-214-6-170.plesk.page\/","name":"M\u00f6bel Daniels","description":"","publisher":{"@id":"https:\/\/condescending-allen.85-214-6-170.plesk.page\/#organization"},"potentialAction":[{"@type":"SearchAction","target":{"@type":"EntryPoint","urlTemplate":"https:\/\/condescending-allen.85-214-6-170.plesk.page\/?s={search_term_string}"},"query-input":{"@type":"PropertyValueSpecification","valueRequired":true,"valueName":"search_term_string"}}],"inLanguage":"de"},{"@type":"Organization","@id":"https:\/\/condescending-allen.85-214-6-170.plesk.page\/#organization","name":"M\u00f6bel Daniels","url":"https:\/\/condescending-allen.85-214-6-170.plesk.page\/","logo":{"@type":"ImageObject","inLanguage":"de","@id":"https:\/\/condescending-allen.85-214-6-170.plesk.page\/#\/schema\/logo\/image\/","url":"https:\/\/condescending-allen.85-214-6-170.plesk.page\/wp-content\/uploads\/2026\/01\/Logo-v1-anthrazit-Wasserzeichen-kleiner.png","contentUrl":"https:\/\/condescending-allen.85-214-6-170.plesk.page\/wp-content\/uploads\/2026\/01\/Logo-v1-anthrazit-Wasserzeichen-kleiner.png","width":300,"height":125,"caption":"M\u00f6bel Daniels"},"image":{"@id":"https:\/\/condescending-allen.85-214-6-170.plesk.page\/#\/schema\/logo\/image\/"}}]}},"jetpack_sharing_enabled":true,"_links":{"self":[{"href":"https:\/\/condescending-allen.85-214-6-170.plesk.page\/index.php\/wp-json\/wp\/v2\/pages\/3454","targetHints":{"allow":["GET"]}}],"collection":[{"href":"https:\/\/condescending-allen.85-214-6-170.plesk.page\/index.php\/wp-json\/wp\/v2\/pages"}],"about":[{"href":"https:\/\/condescending-allen.85-214-6-170.plesk.page\/index.php\/wp-json\/wp\/v2\/types\/page"}],"author":[{"embeddable":true,"href":"https:\/\/condescending-allen.85-214-6-170.plesk.page\/index.php\/wp-json\/wp\/v2\/users\/1"}],"replies":[{"embeddable":true,"href":"https:\/\/condescending-allen.85-214-6-170.plesk.page\/index.php\/wp-json\/wp\/v2\/comments?post=3454"}],"version-history":[{"count":1,"href":"https:\/\/condescending-allen.85-214-6-170.plesk.page\/index.php\/wp-json\/wp\/v2\/pages\/3454\/revisions"}],"predecessor-version":[{"id":3455,"href":"https:\/\/condescending-allen.85-214-6-170.plesk.page\/index.php\/wp-json\/wp\/v2\/pages\/3454\/revisions\/3455"}],"wp:attachment":[{"href":"https:\/\/condescending-allen.85-214-6-170.plesk.page\/index.php\/wp-json\/wp\/v2\/media?parent=3454"}],"curies":[{"name":"wp","href":"https:\/\/api.w.org\/{rel}","templated":true}]}}