{"id":2138,"date":"2026-01-03T20:58:17","date_gmt":"2026-01-03T20:58:17","guid":{"rendered":"https:\/\/condescending-allen.85-214-6-170.plesk.page\/index.php\/produkt\/loree-140x200\/"},"modified":"2026-01-03T21:00:07","modified_gmt":"2026-01-03T21:00:07","slug":"loree-140x200","status":"publish","type":"product","link":"https:\/\/condescending-allen.85-214-6-170.plesk.page\/index.php\/produkt\/loree-140x200\/","title":{"rendered":"Loree 140X200"},"content":{"rendered":"<p>Loree ist ein komfortables und modernes Boxspringbett, das die angenehme Weichheit der t\u00e4glichen Ruhe mit n\u00fctzlichem und gesundem Schlaf verbindet. Loree zeichnet sich sowohl durch minimalistisches Design als auch durch interessante Gestaltung aus. Das elegante Aussehen unseres Bettes wird unter anderem durch das hohe, gesteppte Kopfteil, den schlichten Korpus, die kleinen 2 cm hohen F\u00fc\u00dfe und die vielen Farbvarianten bestimmt. Ger\u00e4umiges Bett mit Liegefl\u00e4che: 140\/ 160\/ 180 x 200 cm ist ein perfekter Ort zum Schlafen, aber auch zum Ausruhen zu jeder anderen Zeit. Zu den weiteren Vorteilen dieses Modells geh\u00f6ren eine solide 15 cm dicke Matratze mit Bonellfedern und ein Topper. Die Funktionalit\u00e4t dieses M\u00f6belst\u00fccks zeigt sich auch darin, dass es mit zwei ger\u00e4umigen Bettk\u00e4sten ausgestattet ist. Loree ist ein M\u00f6belst\u00fcck im klassischen Stil, das mit Sicherheit alle Ihre Anforderungen erf\u00fcllt und viele Jahre lang ein perfektes Bett sein wird, das sich perfekt in die Inneneinrichtung eines einzigartigen Schlafzimmers einf\u00fcgt.<\/p>\n","protected":false},"excerpt":{"rendered":"<p>Loree ist ein komfortables und modernes Boxspringbett, das die angenehme Weichheit der t\u00e4glichen Ruhe mit n\u00fctzlichem und gesundem Schlaf verbindet.<\/p>\n","protected":false},"featured_media":2140,"comment_status":"closed","ping_status":"closed","template":"","meta":{"_acf_changed":false},"breite":[],"product_brand":[],"product_cat":[16],"product_tag":[19,28,17],"class_list":{"0":"post-2138","1":"product","2":"type-product","3":"status-publish","4":"has-post-thumbnail","6":"product_cat-boxspringbetten","7":"product_tag-19","8":"product_tag-beige","9":"product_tag-boxspringbetten","11":"first","12":"instock","13":"purchasable","14":"product-type-variable"},"acf":[],"yoast_head":"<!-- This site is optimized with the Yoast SEO plugin v27.4 - https:\/\/yoast.com\/product\/yoast-seo-wordpress\/ -->\n<title>Loree 140X200 - M\u00f6bel Daniels<\/title>\n<meta name=\"robots\" content=\"index, follow, max-snippet:-1, max-image-preview:large, max-video-preview:-1\" \/>\n<link rel=\"canonical\" href=\"https:\/\/condescending-allen.85-214-6-170.plesk.page\/index.php\/produkt\/loree-140x200\/\" \/>\n<meta property=\"og:locale\" content=\"de_DE\" \/>\n<meta property=\"og:type\" content=\"article\" \/>\n<meta property=\"og:title\" content=\"Loree 140X200 - M\u00f6bel Daniels\" \/>\n<meta property=\"og:description\" content=\"Loree ist ein komfortables und modernes Boxspringbett, das die angenehme Weichheit der t\u00e4glichen Ruhe mit n\u00fctzlichem und gesundem Schlaf verbindet.\" \/>\n<meta property=\"og:url\" content=\"https:\/\/condescending-allen.85-214-6-170.plesk.page\/index.php\/produkt\/loree-140x200\/\" \/>\n<meta property=\"og:site_name\" content=\"M\u00f6bel Daniels\" \/>\n<meta property=\"article:modified_time\" content=\"2026-01-03T21:00:07+00:00\" \/>\n<meta property=\"og:image\" content=\"https:\/\/condescending-allen.85-214-6-170.plesk.page\/wp-content\/uploads\/2026\/01\/4e13c900-cc26-477e-d1b1-08d93629c14a-scaled.jpeg\" \/>\n\t<meta property=\"og:image:width\" content=\"2560\" \/>\n\t<meta property=\"og:image:height\" content=\"1621\" \/>\n\t<meta property=\"og:image:type\" content=\"image\/jpeg\" \/>\n<meta name=\"twitter:card\" content=\"summary_large_image\" \/>\n<meta name=\"twitter:label1\" content=\"Gesch\u00e4tzte Lesezeit\" \/>\n\t<meta name=\"twitter:data1\" content=\"1\u00a0Minute\" \/>\n<script type=\"application\/ld+json\" class=\"yoast-schema-graph\">{\"@context\":\"https:\\\/\\\/schema.org\",\"@graph\":[{\"@type\":\"WebPage\",\"@id\":\"https:\\\/\\\/condescending-allen.85-214-6-170.plesk.page\\\/index.php\\\/produkt\\\/loree-140x200\\\/\",\"url\":\"https:\\\/\\\/condescending-allen.85-214-6-170.plesk.page\\\/index.php\\\/produkt\\\/loree-140x200\\\/\",\"name\":\"Loree 140X200 - M\u00f6bel Daniels\",\"isPartOf\":{\"@id\":\"https:\\\/\\\/condescending-allen.85-214-6-170.plesk.page\\\/#website\"},\"primaryImageOfPage\":{\"@id\":\"https:\\\/\\\/condescending-allen.85-214-6-170.plesk.page\\\/index.php\\\/produkt\\\/loree-140x200\\\/#primaryimage\"},\"image\":{\"@id\":\"https:\\\/\\\/condescending-allen.85-214-6-170.plesk.page\\\/index.php\\\/produkt\\\/loree-140x200\\\/#primaryimage\"},\"thumbnailUrl\":\"https:\\\/\\\/condescending-allen.85-214-6-170.plesk.page\\\/wp-content\\\/uploads\\\/2026\\\/01\\\/4e13c900-cc26-477e-d1b1-08d93629c14a-scaled.jpeg\",\"datePublished\":\"2026-01-03T20:58:17+00:00\",\"dateModified\":\"2026-01-03T21:00:07+00:00\",\"breadcrumb\":{\"@id\":\"https:\\\/\\\/condescending-allen.85-214-6-170.plesk.page\\\/index.php\\\/produkt\\\/loree-140x200\\\/#breadcrumb\"},\"inLanguage\":\"de\",\"potentialAction\":[{\"@type\":\"ReadAction\",\"target\":[\"https:\\\/\\\/condescending-allen.85-214-6-170.plesk.page\\\/index.php\\\/produkt\\\/loree-140x200\\\/\"]}]},{\"@type\":\"ImageObject\",\"inLanguage\":\"de\",\"@id\":\"https:\\\/\\\/condescending-allen.85-214-6-170.plesk.page\\\/index.php\\\/produkt\\\/loree-140x200\\\/#primaryimage\",\"url\":\"https:\\\/\\\/condescending-allen.85-214-6-170.plesk.page\\\/wp-content\\\/uploads\\\/2026\\\/01\\\/4e13c900-cc26-477e-d1b1-08d93629c14a-scaled.jpeg\",\"contentUrl\":\"https:\\\/\\\/condescending-allen.85-214-6-170.plesk.page\\\/wp-content\\\/uploads\\\/2026\\\/01\\\/4e13c900-cc26-477e-d1b1-08d93629c14a-scaled.jpeg\",\"width\":2560,\"height\":1621},{\"@type\":\"BreadcrumbList\",\"@id\":\"https:\\\/\\\/condescending-allen.85-214-6-170.plesk.page\\\/index.php\\\/produkt\\\/loree-140x200\\\/#breadcrumb\",\"itemListElement\":[{\"@type\":\"ListItem\",\"position\":1,\"name\":\"Start\",\"item\":\"https:\\\/\\\/condescending-allen.85-214-6-170.plesk.page\\\/\"},{\"@type\":\"ListItem\",\"position\":2,\"name\":\"Shop\",\"item\":\"https:\\\/\\\/condescending-allen.85-214-6-170.plesk.page\\\/index.php\\\/shop\\\/\"},{\"@type\":\"ListItem\",\"position\":3,\"name\":\"Loree 140X200\"}]},{\"@type\":\"WebSite\",\"@id\":\"https:\\\/\\\/condescending-allen.85-214-6-170.plesk.page\\\/#website\",\"url\":\"https:\\\/\\\/condescending-allen.85-214-6-170.plesk.page\\\/\",\"name\":\"M\u00f6bel Daniels\",\"description\":\"\",\"publisher\":{\"@id\":\"https:\\\/\\\/condescending-allen.85-214-6-170.plesk.page\\\/#organization\"},\"potentialAction\":[{\"@type\":\"SearchAction\",\"target\":{\"@type\":\"EntryPoint\",\"urlTemplate\":\"https:\\\/\\\/condescending-allen.85-214-6-170.plesk.page\\\/?s={search_term_string}\"},\"query-input\":{\"@type\":\"PropertyValueSpecification\",\"valueRequired\":true,\"valueName\":\"search_term_string\"}}],\"inLanguage\":\"de\"},{\"@type\":\"Organization\",\"@id\":\"https:\\\/\\\/condescending-allen.85-214-6-170.plesk.page\\\/#organization\",\"name\":\"M\u00f6bel Daniels\",\"url\":\"https:\\\/\\\/condescending-allen.85-214-6-170.plesk.page\\\/\",\"logo\":{\"@type\":\"ImageObject\",\"inLanguage\":\"de\",\"@id\":\"https:\\\/\\\/condescending-allen.85-214-6-170.plesk.page\\\/#\\\/schema\\\/logo\\\/image\\\/\",\"url\":\"https:\\\/\\\/condescending-allen.85-214-6-170.plesk.page\\\/wp-content\\\/uploads\\\/2026\\\/01\\\/Logo-v1-anthrazit-Wasserzeichen-kleiner.png\",\"contentUrl\":\"https:\\\/\\\/condescending-allen.85-214-6-170.plesk.page\\\/wp-content\\\/uploads\\\/2026\\\/01\\\/Logo-v1-anthrazit-Wasserzeichen-kleiner.png\",\"width\":300,\"height\":125,\"caption\":\"M\u00f6bel Daniels\"},\"image\":{\"@id\":\"https:\\\/\\\/condescending-allen.85-214-6-170.plesk.page\\\/#\\\/schema\\\/logo\\\/image\\\/\"}}]}<\/script>\n<!-- \/ Yoast SEO plugin. -->","yoast_head_json":{"title":"Loree 140X200 - M\u00f6bel Daniels","robots":{"index":"index","follow":"follow","max-snippet":"max-snippet:-1","max-image-preview":"max-image-preview:large","max-video-preview":"max-video-preview:-1"},"canonical":"https:\/\/condescending-allen.85-214-6-170.plesk.page\/index.php\/produkt\/loree-140x200\/","og_locale":"de_DE","og_type":"article","og_title":"Loree 140X200 - M\u00f6bel Daniels","og_description":"Loree ist ein komfortables und modernes Boxspringbett, das die angenehme Weichheit der t\u00e4glichen Ruhe mit n\u00fctzlichem und gesundem Schlaf verbindet.","og_url":"https:\/\/condescending-allen.85-214-6-170.plesk.page\/index.php\/produkt\/loree-140x200\/","og_site_name":"M\u00f6bel Daniels","article_modified_time":"2026-01-03T21:00:07+00:00","og_image":[{"width":2560,"height":1621,"url":"https:\/\/condescending-allen.85-214-6-170.plesk.page\/wp-content\/uploads\/2026\/01\/4e13c900-cc26-477e-d1b1-08d93629c14a-scaled.jpeg","type":"image\/jpeg"}],"twitter_card":"summary_large_image","twitter_misc":{"Gesch\u00e4tzte Lesezeit":"1\u00a0Minute"},"schema":{"@context":"https:\/\/schema.org","@graph":[{"@type":"WebPage","@id":"https:\/\/condescending-allen.85-214-6-170.plesk.page\/index.php\/produkt\/loree-140x200\/","url":"https:\/\/condescending-allen.85-214-6-170.plesk.page\/index.php\/produkt\/loree-140x200\/","name":"Loree 140X200 - M\u00f6bel Daniels","isPartOf":{"@id":"https:\/\/condescending-allen.85-214-6-170.plesk.page\/#website"},"primaryImageOfPage":{"@id":"https:\/\/condescending-allen.85-214-6-170.plesk.page\/index.php\/produkt\/loree-140x200\/#primaryimage"},"image":{"@id":"https:\/\/condescending-allen.85-214-6-170.plesk.page\/index.php\/produkt\/loree-140x200\/#primaryimage"},"thumbnailUrl":"https:\/\/condescending-allen.85-214-6-170.plesk.page\/wp-content\/uploads\/2026\/01\/4e13c900-cc26-477e-d1b1-08d93629c14a-scaled.jpeg","datePublished":"2026-01-03T20:58:17+00:00","dateModified":"2026-01-03T21:00:07+00:00","breadcrumb":{"@id":"https:\/\/condescending-allen.85-214-6-170.plesk.page\/index.php\/produkt\/loree-140x200\/#breadcrumb"},"inLanguage":"de","potentialAction":[{"@type":"ReadAction","target":["https:\/\/condescending-allen.85-214-6-170.plesk.page\/index.php\/produkt\/loree-140x200\/"]}]},{"@type":"ImageObject","inLanguage":"de","@id":"https:\/\/condescending-allen.85-214-6-170.plesk.page\/index.php\/produkt\/loree-140x200\/#primaryimage","url":"https:\/\/condescending-allen.85-214-6-170.plesk.page\/wp-content\/uploads\/2026\/01\/4e13c900-cc26-477e-d1b1-08d93629c14a-scaled.jpeg","contentUrl":"https:\/\/condescending-allen.85-214-6-170.plesk.page\/wp-content\/uploads\/2026\/01\/4e13c900-cc26-477e-d1b1-08d93629c14a-scaled.jpeg","width":2560,"height":1621},{"@type":"BreadcrumbList","@id":"https:\/\/condescending-allen.85-214-6-170.plesk.page\/index.php\/produkt\/loree-140x200\/#breadcrumb","itemListElement":[{"@type":"ListItem","position":1,"name":"Start","item":"https:\/\/condescending-allen.85-214-6-170.plesk.page\/"},{"@type":"ListItem","position":2,"name":"Shop","item":"https:\/\/condescending-allen.85-214-6-170.plesk.page\/index.php\/shop\/"},{"@type":"ListItem","position":3,"name":"Loree 140X200"}]},{"@type":"WebSite","@id":"https:\/\/condescending-allen.85-214-6-170.plesk.page\/#website","url":"https:\/\/condescending-allen.85-214-6-170.plesk.page\/","name":"M\u00f6bel Daniels","description":"","publisher":{"@id":"https:\/\/condescending-allen.85-214-6-170.plesk.page\/#organization"},"potentialAction":[{"@type":"SearchAction","target":{"@type":"EntryPoint","urlTemplate":"https:\/\/condescending-allen.85-214-6-170.plesk.page\/?s={search_term_string}"},"query-input":{"@type":"PropertyValueSpecification","valueRequired":true,"valueName":"search_term_string"}}],"inLanguage":"de"},{"@type":"Organization","@id":"https:\/\/condescending-allen.85-214-6-170.plesk.page\/#organization","name":"M\u00f6bel Daniels","url":"https:\/\/condescending-allen.85-214-6-170.plesk.page\/","logo":{"@type":"ImageObject","inLanguage":"de","@id":"https:\/\/condescending-allen.85-214-6-170.plesk.page\/#\/schema\/logo\/image\/","url":"https:\/\/condescending-allen.85-214-6-170.plesk.page\/wp-content\/uploads\/2026\/01\/Logo-v1-anthrazit-Wasserzeichen-kleiner.png","contentUrl":"https:\/\/condescending-allen.85-214-6-170.plesk.page\/wp-content\/uploads\/2026\/01\/Logo-v1-anthrazit-Wasserzeichen-kleiner.png","width":300,"height":125,"caption":"M\u00f6bel Daniels"},"image":{"@id":"https:\/\/condescending-allen.85-214-6-170.plesk.page\/#\/schema\/logo\/image\/"}}]}},"jetpack_sharing_enabled":true,"_links":{"self":[{"href":"https:\/\/condescending-allen.85-214-6-170.plesk.page\/index.php\/wp-json\/wp\/v2\/product\/2138","targetHints":{"allow":["GET"]}}],"collection":[{"href":"https:\/\/condescending-allen.85-214-6-170.plesk.page\/index.php\/wp-json\/wp\/v2\/product"}],"about":[{"href":"https:\/\/condescending-allen.85-214-6-170.plesk.page\/index.php\/wp-json\/wp\/v2\/types\/product"}],"replies":[{"embeddable":true,"href":"https:\/\/condescending-allen.85-214-6-170.plesk.page\/index.php\/wp-json\/wp\/v2\/comments?post=2138"}],"version-history":[{"count":0,"href":"https:\/\/condescending-allen.85-214-6-170.plesk.page\/index.php\/wp-json\/wp\/v2\/product\/2138\/revisions"}],"wp:featuredmedia":[{"embeddable":true,"href":"https:\/\/condescending-allen.85-214-6-170.plesk.page\/index.php\/wp-json\/wp\/v2\/media\/2140"}],"wp:attachment":[{"href":"https:\/\/condescending-allen.85-214-6-170.plesk.page\/index.php\/wp-json\/wp\/v2\/media?parent=2138"}],"wp:term":[{"taxonomy":"breite","embeddable":true,"href":"https:\/\/condescending-allen.85-214-6-170.plesk.page\/index.php\/wp-json\/wp\/v2\/breite?post=2138"},{"taxonomy":"product_brand","embeddable":true,"href":"https:\/\/condescending-allen.85-214-6-170.plesk.page\/index.php\/wp-json\/wp\/v2\/product_brand?post=2138"},{"taxonomy":"product_cat","embeddable":true,"href":"https:\/\/condescending-allen.85-214-6-170.plesk.page\/index.php\/wp-json\/wp\/v2\/product_cat?post=2138"},{"taxonomy":"product_tag","embeddable":true,"href":"https:\/\/condescending-allen.85-214-6-170.plesk.page\/index.php\/wp-json\/wp\/v2\/product_tag?post=2138"}],"curies":[{"name":"wp","href":"https:\/\/api.w.org\/{rel}","templated":true}]}}