{"id":2195,"date":"2026-01-03T20:59:57","date_gmt":"2026-01-03T20:59:57","guid":{"rendered":"https:\/\/condescending-allen.85-214-6-170.plesk.page\/index.php\/produkt\/meron-140x200\/"},"modified":"2026-01-03T21:03:48","modified_gmt":"2026-01-03T21:03:48","slug":"meron-140x200","status":"publish","type":"product","link":"https:\/\/condescending-allen.85-214-6-170.plesk.page\/index.php\/produkt\/meron-140x200\/","title":{"rendered":"Meron 140X200"},"content":{"rendered":"<p>Meron ist ein geschmackvolles, elegantes, perfekt weiches und komfortables kontinentales Boxspringbett im modernen, klassischen Stil, das in drei Gr\u00f6\u00dfen erh\u00e4ltlich ist: 140\/ 160\/ 180 x 200 cm. Der au\u00dfergew\u00f6hnliche Komfort wird durch die 52 cm hohe Sitzfl\u00e4che und die F\u00fcllung des Bettes verst\u00e4rkt. Die Bonellmatratze und der T25-Schaumstoff bieten dem M\u00f6belbenutzer h\u00f6chsten Komfort und stabilisieren die Position des K\u00f6rpers w\u00e4hrend der Ruhephase perfekt. Diese L\u00f6sung garantiert allen eine angenehme Erholung, denn ein gesunder Schlaf ist ein guter Schlaf! Neben dem hohen Komfort ist auch die Verarbeitung der einzelnen Elemente des Modells Meron beachtenswert. Die hohe Kopfst\u00fctze, die in Form von unregelm\u00e4\u00dfigen Rechtecken gen\u00e4ht ist, ist sowohl eine weiche, bequeme und unsch\u00e4tzbare St\u00fctze als auch eine interessante Dekoration des Schlafzimmers. Dank zweier ger\u00e4umiger Bettk\u00e4sten ist unser Boxspring nicht nur ein funktionelles M\u00f6belst\u00fcck, sondern auch Ihre eigene Ruheoase, die die Benutzung eines solchen Bettes zu einem wahren Vergn\u00fcgen macht. Es lohnt sich, ein Bett wie Meron in Ihrer Wohnung zu haben &#8211; Zufriedenheit garantiert.<\/p>\n","protected":false},"excerpt":{"rendered":"<p>Meron ist ein geschmackvolles, elegantes, perfekt weiches und komfortables kontinentales Boxspringbett im modernen, klassischen Stil, das in drei Gr\u00f6\u00dfen erh\u00e4ltlich<\/p>\n","protected":false},"featured_media":2197,"comment_status":"closed","ping_status":"closed","template":"","meta":{"_acf_changed":false},"breite":[],"product_brand":[],"product_cat":[16],"product_tag":[28,17],"class_list":{"0":"post-2195","1":"product","2":"type-product","3":"status-publish","4":"has-post-thumbnail","6":"product_cat-boxspringbetten","7":"product_tag-beige","8":"product_tag-boxspringbetten","10":"first","11":"instock","12":"purchasable","13":"product-type-variable"},"acf":[],"yoast_head":"<!-- This site is optimized with the Yoast SEO plugin v27.4 - https:\/\/yoast.com\/product\/yoast-seo-wordpress\/ -->\n<title>Meron 140X200 - M\u00f6bel Daniels<\/title>\n<meta name=\"robots\" content=\"index, follow, max-snippet:-1, max-image-preview:large, max-video-preview:-1\" \/>\n<link rel=\"canonical\" href=\"https:\/\/condescending-allen.85-214-6-170.plesk.page\/index.php\/produkt\/meron-140x200\/\" \/>\n<meta property=\"og:locale\" content=\"de_DE\" \/>\n<meta property=\"og:type\" content=\"article\" \/>\n<meta property=\"og:title\" content=\"Meron 140X200 - M\u00f6bel Daniels\" \/>\n<meta property=\"og:description\" content=\"Meron ist ein geschmackvolles, elegantes, perfekt weiches und komfortables kontinentales Boxspringbett im modernen, klassischen Stil, das in drei Gr\u00f6\u00dfen erh\u00e4ltlich\" \/>\n<meta property=\"og:url\" content=\"https:\/\/condescending-allen.85-214-6-170.plesk.page\/index.php\/produkt\/meron-140x200\/\" \/>\n<meta property=\"og:site_name\" content=\"M\u00f6bel Daniels\" \/>\n<meta property=\"article:modified_time\" content=\"2026-01-03T21:03:48+00:00\" \/>\n<meta property=\"og:image\" content=\"https:\/\/condescending-allen.85-214-6-170.plesk.page\/wp-content\/uploads\/2026\/01\/0ba95fbe-79f6-4e5e-d1dc-08d93629c14a-scaled.jpeg\" \/>\n\t<meta property=\"og:image:width\" content=\"2560\" \/>\n\t<meta property=\"og:image:height\" content=\"1664\" \/>\n\t<meta property=\"og:image:type\" content=\"image\/jpeg\" \/>\n<meta name=\"twitter:card\" content=\"summary_large_image\" \/>\n<meta name=\"twitter:label1\" content=\"Gesch\u00e4tzte Lesezeit\" \/>\n\t<meta name=\"twitter:data1\" content=\"1\u00a0Minute\" \/>\n<script type=\"application\/ld+json\" class=\"yoast-schema-graph\">{\"@context\":\"https:\\\/\\\/schema.org\",\"@graph\":[{\"@type\":\"WebPage\",\"@id\":\"https:\\\/\\\/condescending-allen.85-214-6-170.plesk.page\\\/index.php\\\/produkt\\\/meron-140x200\\\/\",\"url\":\"https:\\\/\\\/condescending-allen.85-214-6-170.plesk.page\\\/index.php\\\/produkt\\\/meron-140x200\\\/\",\"name\":\"Meron 140X200 - M\u00f6bel Daniels\",\"isPartOf\":{\"@id\":\"https:\\\/\\\/condescending-allen.85-214-6-170.plesk.page\\\/#website\"},\"primaryImageOfPage\":{\"@id\":\"https:\\\/\\\/condescending-allen.85-214-6-170.plesk.page\\\/index.php\\\/produkt\\\/meron-140x200\\\/#primaryimage\"},\"image\":{\"@id\":\"https:\\\/\\\/condescending-allen.85-214-6-170.plesk.page\\\/index.php\\\/produkt\\\/meron-140x200\\\/#primaryimage\"},\"thumbnailUrl\":\"https:\\\/\\\/condescending-allen.85-214-6-170.plesk.page\\\/wp-content\\\/uploads\\\/2026\\\/01\\\/0ba95fbe-79f6-4e5e-d1dc-08d93629c14a-scaled.jpeg\",\"datePublished\":\"2026-01-03T20:59:57+00:00\",\"dateModified\":\"2026-01-03T21:03:48+00:00\",\"breadcrumb\":{\"@id\":\"https:\\\/\\\/condescending-allen.85-214-6-170.plesk.page\\\/index.php\\\/produkt\\\/meron-140x200\\\/#breadcrumb\"},\"inLanguage\":\"de\",\"potentialAction\":[{\"@type\":\"ReadAction\",\"target\":[\"https:\\\/\\\/condescending-allen.85-214-6-170.plesk.page\\\/index.php\\\/produkt\\\/meron-140x200\\\/\"]}]},{\"@type\":\"ImageObject\",\"inLanguage\":\"de\",\"@id\":\"https:\\\/\\\/condescending-allen.85-214-6-170.plesk.page\\\/index.php\\\/produkt\\\/meron-140x200\\\/#primaryimage\",\"url\":\"https:\\\/\\\/condescending-allen.85-214-6-170.plesk.page\\\/wp-content\\\/uploads\\\/2026\\\/01\\\/0ba95fbe-79f6-4e5e-d1dc-08d93629c14a-scaled.jpeg\",\"contentUrl\":\"https:\\\/\\\/condescending-allen.85-214-6-170.plesk.page\\\/wp-content\\\/uploads\\\/2026\\\/01\\\/0ba95fbe-79f6-4e5e-d1dc-08d93629c14a-scaled.jpeg\",\"width\":2560,\"height\":1664},{\"@type\":\"BreadcrumbList\",\"@id\":\"https:\\\/\\\/condescending-allen.85-214-6-170.plesk.page\\\/index.php\\\/produkt\\\/meron-140x200\\\/#breadcrumb\",\"itemListElement\":[{\"@type\":\"ListItem\",\"position\":1,\"name\":\"Start\",\"item\":\"https:\\\/\\\/condescending-allen.85-214-6-170.plesk.page\\\/\"},{\"@type\":\"ListItem\",\"position\":2,\"name\":\"Shop\",\"item\":\"https:\\\/\\\/condescending-allen.85-214-6-170.plesk.page\\\/index.php\\\/shop\\\/\"},{\"@type\":\"ListItem\",\"position\":3,\"name\":\"Meron 140X200\"}]},{\"@type\":\"WebSite\",\"@id\":\"https:\\\/\\\/condescending-allen.85-214-6-170.plesk.page\\\/#website\",\"url\":\"https:\\\/\\\/condescending-allen.85-214-6-170.plesk.page\\\/\",\"name\":\"M\u00f6bel Daniels\",\"description\":\"\",\"publisher\":{\"@id\":\"https:\\\/\\\/condescending-allen.85-214-6-170.plesk.page\\\/#organization\"},\"potentialAction\":[{\"@type\":\"SearchAction\",\"target\":{\"@type\":\"EntryPoint\",\"urlTemplate\":\"https:\\\/\\\/condescending-allen.85-214-6-170.plesk.page\\\/?s={search_term_string}\"},\"query-input\":{\"@type\":\"PropertyValueSpecification\",\"valueRequired\":true,\"valueName\":\"search_term_string\"}}],\"inLanguage\":\"de\"},{\"@type\":\"Organization\",\"@id\":\"https:\\\/\\\/condescending-allen.85-214-6-170.plesk.page\\\/#organization\",\"name\":\"M\u00f6bel Daniels\",\"url\":\"https:\\\/\\\/condescending-allen.85-214-6-170.plesk.page\\\/\",\"logo\":{\"@type\":\"ImageObject\",\"inLanguage\":\"de\",\"@id\":\"https:\\\/\\\/condescending-allen.85-214-6-170.plesk.page\\\/#\\\/schema\\\/logo\\\/image\\\/\",\"url\":\"https:\\\/\\\/condescending-allen.85-214-6-170.plesk.page\\\/wp-content\\\/uploads\\\/2026\\\/01\\\/Logo-v1-anthrazit-Wasserzeichen-kleiner.png\",\"contentUrl\":\"https:\\\/\\\/condescending-allen.85-214-6-170.plesk.page\\\/wp-content\\\/uploads\\\/2026\\\/01\\\/Logo-v1-anthrazit-Wasserzeichen-kleiner.png\",\"width\":300,\"height\":125,\"caption\":\"M\u00f6bel Daniels\"},\"image\":{\"@id\":\"https:\\\/\\\/condescending-allen.85-214-6-170.plesk.page\\\/#\\\/schema\\\/logo\\\/image\\\/\"}}]}<\/script>\n<!-- \/ Yoast SEO plugin. -->","yoast_head_json":{"title":"Meron 140X200 - M\u00f6bel Daniels","robots":{"index":"index","follow":"follow","max-snippet":"max-snippet:-1","max-image-preview":"max-image-preview:large","max-video-preview":"max-video-preview:-1"},"canonical":"https:\/\/condescending-allen.85-214-6-170.plesk.page\/index.php\/produkt\/meron-140x200\/","og_locale":"de_DE","og_type":"article","og_title":"Meron 140X200 - M\u00f6bel Daniels","og_description":"Meron ist ein geschmackvolles, elegantes, perfekt weiches und komfortables kontinentales Boxspringbett im modernen, klassischen Stil, das in drei Gr\u00f6\u00dfen erh\u00e4ltlich","og_url":"https:\/\/condescending-allen.85-214-6-170.plesk.page\/index.php\/produkt\/meron-140x200\/","og_site_name":"M\u00f6bel Daniels","article_modified_time":"2026-01-03T21:03:48+00:00","og_image":[{"width":2560,"height":1664,"url":"https:\/\/condescending-allen.85-214-6-170.plesk.page\/wp-content\/uploads\/2026\/01\/0ba95fbe-79f6-4e5e-d1dc-08d93629c14a-scaled.jpeg","type":"image\/jpeg"}],"twitter_card":"summary_large_image","twitter_misc":{"Gesch\u00e4tzte Lesezeit":"1\u00a0Minute"},"schema":{"@context":"https:\/\/schema.org","@graph":[{"@type":"WebPage","@id":"https:\/\/condescending-allen.85-214-6-170.plesk.page\/index.php\/produkt\/meron-140x200\/","url":"https:\/\/condescending-allen.85-214-6-170.plesk.page\/index.php\/produkt\/meron-140x200\/","name":"Meron 140X200 - M\u00f6bel Daniels","isPartOf":{"@id":"https:\/\/condescending-allen.85-214-6-170.plesk.page\/#website"},"primaryImageOfPage":{"@id":"https:\/\/condescending-allen.85-214-6-170.plesk.page\/index.php\/produkt\/meron-140x200\/#primaryimage"},"image":{"@id":"https:\/\/condescending-allen.85-214-6-170.plesk.page\/index.php\/produkt\/meron-140x200\/#primaryimage"},"thumbnailUrl":"https:\/\/condescending-allen.85-214-6-170.plesk.page\/wp-content\/uploads\/2026\/01\/0ba95fbe-79f6-4e5e-d1dc-08d93629c14a-scaled.jpeg","datePublished":"2026-01-03T20:59:57+00:00","dateModified":"2026-01-03T21:03:48+00:00","breadcrumb":{"@id":"https:\/\/condescending-allen.85-214-6-170.plesk.page\/index.php\/produkt\/meron-140x200\/#breadcrumb"},"inLanguage":"de","potentialAction":[{"@type":"ReadAction","target":["https:\/\/condescending-allen.85-214-6-170.plesk.page\/index.php\/produkt\/meron-140x200\/"]}]},{"@type":"ImageObject","inLanguage":"de","@id":"https:\/\/condescending-allen.85-214-6-170.plesk.page\/index.php\/produkt\/meron-140x200\/#primaryimage","url":"https:\/\/condescending-allen.85-214-6-170.plesk.page\/wp-content\/uploads\/2026\/01\/0ba95fbe-79f6-4e5e-d1dc-08d93629c14a-scaled.jpeg","contentUrl":"https:\/\/condescending-allen.85-214-6-170.plesk.page\/wp-content\/uploads\/2026\/01\/0ba95fbe-79f6-4e5e-d1dc-08d93629c14a-scaled.jpeg","width":2560,"height":1664},{"@type":"BreadcrumbList","@id":"https:\/\/condescending-allen.85-214-6-170.plesk.page\/index.php\/produkt\/meron-140x200\/#breadcrumb","itemListElement":[{"@type":"ListItem","position":1,"name":"Start","item":"https:\/\/condescending-allen.85-214-6-170.plesk.page\/"},{"@type":"ListItem","position":2,"name":"Shop","item":"https:\/\/condescending-allen.85-214-6-170.plesk.page\/index.php\/shop\/"},{"@type":"ListItem","position":3,"name":"Meron 140X200"}]},{"@type":"WebSite","@id":"https:\/\/condescending-allen.85-214-6-170.plesk.page\/#website","url":"https:\/\/condescending-allen.85-214-6-170.plesk.page\/","name":"M\u00f6bel Daniels","description":"","publisher":{"@id":"https:\/\/condescending-allen.85-214-6-170.plesk.page\/#organization"},"potentialAction":[{"@type":"SearchAction","target":{"@type":"EntryPoint","urlTemplate":"https:\/\/condescending-allen.85-214-6-170.plesk.page\/?s={search_term_string}"},"query-input":{"@type":"PropertyValueSpecification","valueRequired":true,"valueName":"search_term_string"}}],"inLanguage":"de"},{"@type":"Organization","@id":"https:\/\/condescending-allen.85-214-6-170.plesk.page\/#organization","name":"M\u00f6bel Daniels","url":"https:\/\/condescending-allen.85-214-6-170.plesk.page\/","logo":{"@type":"ImageObject","inLanguage":"de","@id":"https:\/\/condescending-allen.85-214-6-170.plesk.page\/#\/schema\/logo\/image\/","url":"https:\/\/condescending-allen.85-214-6-170.plesk.page\/wp-content\/uploads\/2026\/01\/Logo-v1-anthrazit-Wasserzeichen-kleiner.png","contentUrl":"https:\/\/condescending-allen.85-214-6-170.plesk.page\/wp-content\/uploads\/2026\/01\/Logo-v1-anthrazit-Wasserzeichen-kleiner.png","width":300,"height":125,"caption":"M\u00f6bel Daniels"},"image":{"@id":"https:\/\/condescending-allen.85-214-6-170.plesk.page\/#\/schema\/logo\/image\/"}}]}},"jetpack_sharing_enabled":true,"_links":{"self":[{"href":"https:\/\/condescending-allen.85-214-6-170.plesk.page\/index.php\/wp-json\/wp\/v2\/product\/2195","targetHints":{"allow":["GET"]}}],"collection":[{"href":"https:\/\/condescending-allen.85-214-6-170.plesk.page\/index.php\/wp-json\/wp\/v2\/product"}],"about":[{"href":"https:\/\/condescending-allen.85-214-6-170.plesk.page\/index.php\/wp-json\/wp\/v2\/types\/product"}],"replies":[{"embeddable":true,"href":"https:\/\/condescending-allen.85-214-6-170.plesk.page\/index.php\/wp-json\/wp\/v2\/comments?post=2195"}],"version-history":[{"count":0,"href":"https:\/\/condescending-allen.85-214-6-170.plesk.page\/index.php\/wp-json\/wp\/v2\/product\/2195\/revisions"}],"wp:featuredmedia":[{"embeddable":true,"href":"https:\/\/condescending-allen.85-214-6-170.plesk.page\/index.php\/wp-json\/wp\/v2\/media\/2197"}],"wp:attachment":[{"href":"https:\/\/condescending-allen.85-214-6-170.plesk.page\/index.php\/wp-json\/wp\/v2\/media?parent=2195"}],"wp:term":[{"taxonomy":"breite","embeddable":true,"href":"https:\/\/condescending-allen.85-214-6-170.plesk.page\/index.php\/wp-json\/wp\/v2\/breite?post=2195"},{"taxonomy":"product_brand","embeddable":true,"href":"https:\/\/condescending-allen.85-214-6-170.plesk.page\/index.php\/wp-json\/wp\/v2\/product_brand?post=2195"},{"taxonomy":"product_cat","embeddable":true,"href":"https:\/\/condescending-allen.85-214-6-170.plesk.page\/index.php\/wp-json\/wp\/v2\/product_cat?post=2195"},{"taxonomy":"product_tag","embeddable":true,"href":"https:\/\/condescending-allen.85-214-6-170.plesk.page\/index.php\/wp-json\/wp\/v2\/product_tag?post=2195"}],"curies":[{"name":"wp","href":"https:\/\/api.w.org\/{rel}","templated":true}]}}