{"id":427,"date":"2026-01-03T19:18:00","date_gmt":"2026-01-03T19:18:00","guid":{"rendered":"https:\/\/condescending-allen.85-214-6-170.plesk.page\/index.php\/produkt\/amadeo-led-140x200\/"},"modified":"2026-01-03T19:18:20","modified_gmt":"2026-01-03T19:18:20","slug":"amadeo-led-140x200","status":"publish","type":"product","link":"https:\/\/condescending-allen.85-214-6-170.plesk.page\/index.php\/produkt\/amadeo-led-140x200\/","title":{"rendered":"Amadeo LED 140X200"},"content":{"rendered":"<p>Amadeo ist ein au\u00dfergew\u00f6hnlich bequemes, robustes und originell gestaltetes Boxspringbett, das mit seiner ungew\u00f6hnlichen Form und zus\u00e4tzlichen Verzierungen begeistert. Es ist in drei Varianten erh\u00e4ltlich: 140\/160\/180 x 200 cm, was es sehr einfach macht, es an die Gr\u00f6\u00dfe Ihrer Wohnung anzupassen. Zu den charakteristischen Merkmalen geh\u00f6ren: eine hohe Matratze, stilvolle Kopfteile mit zus\u00e4tzlichem T21-Schaumstoff, ein ger\u00e4umiges Bettlakenfach, verchromte Metallbeine und eleganter, abrieb- und schmutzbest\u00e4ndiger Bezug, der in vielen Farben der Eltap-Kollektion erh\u00e4ltlich ist. Das originellste dekorative Element unserer M\u00f6bel ist die M\u00f6glichkeit, es mit LED-Beleuchtung auszustatten. Die Matratze selbst besteht aus Bonell-Federn sowie zwei zus\u00e4tzlichen Schichten T25-Schaumstoff oben und unten auf der Matratze. Das Bett ist auch mit einem 4 cm dicken T21-Schaumstoff-Topper ausgestattet. Diese L\u00f6sung macht es maximal bequem. Es lohnt sich, ein so funktionales M\u00f6belst\u00fcck in Ihrer Wohnung zu haben.<\/p>\n","protected":false},"excerpt":{"rendered":"<p>Amadeo ist ein au\u00dfergew\u00f6hnlich bequemes, robustes und originell gestaltetes Boxspringbett, das mit seiner ungew\u00f6hnlichen Form und zus\u00e4tzlichen Verzierungen begeistert. Es<\/p>\n","protected":false},"featured_media":429,"comment_status":"closed","ping_status":"closed","template":"","meta":{"_acf_changed":false},"breite":[],"product_brand":[],"product_cat":[16],"product_tag":[19,17,18],"class_list":{"0":"post-427","1":"product","2":"type-product","3":"status-publish","4":"has-post-thumbnail","6":"product_cat-boxspringbetten","7":"product_tag-19","8":"product_tag-boxspringbetten","9":"product_tag-grau","11":"first","12":"instock","13":"purchasable","14":"product-type-simple"},"acf":[],"yoast_head":"<!-- This site is optimized with the Yoast SEO plugin v27.4 - https:\/\/yoast.com\/product\/yoast-seo-wordpress\/ -->\n<title>Amadeo LED 140X200 - M\u00f6bel Daniels<\/title>\n<meta name=\"robots\" content=\"index, follow, max-snippet:-1, max-image-preview:large, max-video-preview:-1\" \/>\n<link rel=\"canonical\" href=\"https:\/\/condescending-allen.85-214-6-170.plesk.page\/index.php\/produkt\/amadeo-led-140x200\/\" \/>\n<meta property=\"og:locale\" content=\"de_DE\" \/>\n<meta property=\"og:type\" content=\"article\" \/>\n<meta property=\"og:title\" content=\"Amadeo LED 140X200 - M\u00f6bel Daniels\" \/>\n<meta property=\"og:description\" content=\"Amadeo ist ein au\u00dfergew\u00f6hnlich bequemes, robustes und originell gestaltetes Boxspringbett, das mit seiner ungew\u00f6hnlichen Form und zus\u00e4tzlichen Verzierungen begeistert. Es\" \/>\n<meta property=\"og:url\" content=\"https:\/\/condescending-allen.85-214-6-170.plesk.page\/index.php\/produkt\/amadeo-led-140x200\/\" \/>\n<meta property=\"og:site_name\" content=\"M\u00f6bel Daniels\" \/>\n<meta property=\"article:modified_time\" content=\"2026-01-03T19:18:20+00:00\" \/>\n<meta property=\"og:image\" content=\"https:\/\/condescending-allen.85-214-6-170.plesk.page\/wp-content\/uploads\/2026\/01\/c4e03e2b-6783-4702-7069-08da7abfe2e3-scaled.jpeg\" \/>\n\t<meta property=\"og:image:width\" content=\"2560\" \/>\n\t<meta property=\"og:image:height\" content=\"1442\" \/>\n\t<meta property=\"og:image:type\" content=\"image\/jpeg\" \/>\n<meta name=\"twitter:card\" content=\"summary_large_image\" \/>\n<meta name=\"twitter:label1\" content=\"Gesch\u00e4tzte Lesezeit\" \/>\n\t<meta name=\"twitter:data1\" content=\"1\u00a0Minute\" \/>\n<script type=\"application\/ld+json\" class=\"yoast-schema-graph\">{\"@context\":\"https:\\\/\\\/schema.org\",\"@graph\":[{\"@type\":\"WebPage\",\"@id\":\"https:\\\/\\\/condescending-allen.85-214-6-170.plesk.page\\\/index.php\\\/produkt\\\/amadeo-led-140x200\\\/\",\"url\":\"https:\\\/\\\/condescending-allen.85-214-6-170.plesk.page\\\/index.php\\\/produkt\\\/amadeo-led-140x200\\\/\",\"name\":\"Amadeo LED 140X200 - M\u00f6bel Daniels\",\"isPartOf\":{\"@id\":\"https:\\\/\\\/condescending-allen.85-214-6-170.plesk.page\\\/#website\"},\"primaryImageOfPage\":{\"@id\":\"https:\\\/\\\/condescending-allen.85-214-6-170.plesk.page\\\/index.php\\\/produkt\\\/amadeo-led-140x200\\\/#primaryimage\"},\"image\":{\"@id\":\"https:\\\/\\\/condescending-allen.85-214-6-170.plesk.page\\\/index.php\\\/produkt\\\/amadeo-led-140x200\\\/#primaryimage\"},\"thumbnailUrl\":\"https:\\\/\\\/condescending-allen.85-214-6-170.plesk.page\\\/wp-content\\\/uploads\\\/2026\\\/01\\\/c4e03e2b-6783-4702-7069-08da7abfe2e3-scaled.jpeg\",\"datePublished\":\"2026-01-03T19:18:00+00:00\",\"dateModified\":\"2026-01-03T19:18:20+00:00\",\"breadcrumb\":{\"@id\":\"https:\\\/\\\/condescending-allen.85-214-6-170.plesk.page\\\/index.php\\\/produkt\\\/amadeo-led-140x200\\\/#breadcrumb\"},\"inLanguage\":\"de\",\"potentialAction\":[{\"@type\":\"ReadAction\",\"target\":[\"https:\\\/\\\/condescending-allen.85-214-6-170.plesk.page\\\/index.php\\\/produkt\\\/amadeo-led-140x200\\\/\"]}]},{\"@type\":\"ImageObject\",\"inLanguage\":\"de\",\"@id\":\"https:\\\/\\\/condescending-allen.85-214-6-170.plesk.page\\\/index.php\\\/produkt\\\/amadeo-led-140x200\\\/#primaryimage\",\"url\":\"https:\\\/\\\/condescending-allen.85-214-6-170.plesk.page\\\/wp-content\\\/uploads\\\/2026\\\/01\\\/c4e03e2b-6783-4702-7069-08da7abfe2e3-scaled.jpeg\",\"contentUrl\":\"https:\\\/\\\/condescending-allen.85-214-6-170.plesk.page\\\/wp-content\\\/uploads\\\/2026\\\/01\\\/c4e03e2b-6783-4702-7069-08da7abfe2e3-scaled.jpeg\",\"width\":2560,\"height\":1442},{\"@type\":\"BreadcrumbList\",\"@id\":\"https:\\\/\\\/condescending-allen.85-214-6-170.plesk.page\\\/index.php\\\/produkt\\\/amadeo-led-140x200\\\/#breadcrumb\",\"itemListElement\":[{\"@type\":\"ListItem\",\"position\":1,\"name\":\"Start\",\"item\":\"https:\\\/\\\/condescending-allen.85-214-6-170.plesk.page\\\/\"},{\"@type\":\"ListItem\",\"position\":2,\"name\":\"Shop\",\"item\":\"https:\\\/\\\/condescending-allen.85-214-6-170.plesk.page\\\/index.php\\\/shop\\\/\"},{\"@type\":\"ListItem\",\"position\":3,\"name\":\"Amadeo LED 140X200\"}]},{\"@type\":\"WebSite\",\"@id\":\"https:\\\/\\\/condescending-allen.85-214-6-170.plesk.page\\\/#website\",\"url\":\"https:\\\/\\\/condescending-allen.85-214-6-170.plesk.page\\\/\",\"name\":\"M\u00f6bel Daniels\",\"description\":\"\",\"publisher\":{\"@id\":\"https:\\\/\\\/condescending-allen.85-214-6-170.plesk.page\\\/#organization\"},\"potentialAction\":[{\"@type\":\"SearchAction\",\"target\":{\"@type\":\"EntryPoint\",\"urlTemplate\":\"https:\\\/\\\/condescending-allen.85-214-6-170.plesk.page\\\/?s={search_term_string}\"},\"query-input\":{\"@type\":\"PropertyValueSpecification\",\"valueRequired\":true,\"valueName\":\"search_term_string\"}}],\"inLanguage\":\"de\"},{\"@type\":\"Organization\",\"@id\":\"https:\\\/\\\/condescending-allen.85-214-6-170.plesk.page\\\/#organization\",\"name\":\"M\u00f6bel Daniels\",\"url\":\"https:\\\/\\\/condescending-allen.85-214-6-170.plesk.page\\\/\",\"logo\":{\"@type\":\"ImageObject\",\"inLanguage\":\"de\",\"@id\":\"https:\\\/\\\/condescending-allen.85-214-6-170.plesk.page\\\/#\\\/schema\\\/logo\\\/image\\\/\",\"url\":\"https:\\\/\\\/condescending-allen.85-214-6-170.plesk.page\\\/wp-content\\\/uploads\\\/2026\\\/01\\\/Logo-v1-anthrazit-Wasserzeichen-kleiner.png\",\"contentUrl\":\"https:\\\/\\\/condescending-allen.85-214-6-170.plesk.page\\\/wp-content\\\/uploads\\\/2026\\\/01\\\/Logo-v1-anthrazit-Wasserzeichen-kleiner.png\",\"width\":300,\"height\":125,\"caption\":\"M\u00f6bel Daniels\"},\"image\":{\"@id\":\"https:\\\/\\\/condescending-allen.85-214-6-170.plesk.page\\\/#\\\/schema\\\/logo\\\/image\\\/\"}}]}<\/script>\n<!-- \/ Yoast SEO plugin. -->","yoast_head_json":{"title":"Amadeo LED 140X200 - M\u00f6bel Daniels","robots":{"index":"index","follow":"follow","max-snippet":"max-snippet:-1","max-image-preview":"max-image-preview:large","max-video-preview":"max-video-preview:-1"},"canonical":"https:\/\/condescending-allen.85-214-6-170.plesk.page\/index.php\/produkt\/amadeo-led-140x200\/","og_locale":"de_DE","og_type":"article","og_title":"Amadeo LED 140X200 - M\u00f6bel Daniels","og_description":"Amadeo ist ein au\u00dfergew\u00f6hnlich bequemes, robustes und originell gestaltetes Boxspringbett, das mit seiner ungew\u00f6hnlichen Form und zus\u00e4tzlichen Verzierungen begeistert. Es","og_url":"https:\/\/condescending-allen.85-214-6-170.plesk.page\/index.php\/produkt\/amadeo-led-140x200\/","og_site_name":"M\u00f6bel Daniels","article_modified_time":"2026-01-03T19:18:20+00:00","og_image":[{"width":2560,"height":1442,"url":"https:\/\/condescending-allen.85-214-6-170.plesk.page\/wp-content\/uploads\/2026\/01\/c4e03e2b-6783-4702-7069-08da7abfe2e3-scaled.jpeg","type":"image\/jpeg"}],"twitter_card":"summary_large_image","twitter_misc":{"Gesch\u00e4tzte Lesezeit":"1\u00a0Minute"},"schema":{"@context":"https:\/\/schema.org","@graph":[{"@type":"WebPage","@id":"https:\/\/condescending-allen.85-214-6-170.plesk.page\/index.php\/produkt\/amadeo-led-140x200\/","url":"https:\/\/condescending-allen.85-214-6-170.plesk.page\/index.php\/produkt\/amadeo-led-140x200\/","name":"Amadeo LED 140X200 - M\u00f6bel Daniels","isPartOf":{"@id":"https:\/\/condescending-allen.85-214-6-170.plesk.page\/#website"},"primaryImageOfPage":{"@id":"https:\/\/condescending-allen.85-214-6-170.plesk.page\/index.php\/produkt\/amadeo-led-140x200\/#primaryimage"},"image":{"@id":"https:\/\/condescending-allen.85-214-6-170.plesk.page\/index.php\/produkt\/amadeo-led-140x200\/#primaryimage"},"thumbnailUrl":"https:\/\/condescending-allen.85-214-6-170.plesk.page\/wp-content\/uploads\/2026\/01\/c4e03e2b-6783-4702-7069-08da7abfe2e3-scaled.jpeg","datePublished":"2026-01-03T19:18:00+00:00","dateModified":"2026-01-03T19:18:20+00:00","breadcrumb":{"@id":"https:\/\/condescending-allen.85-214-6-170.plesk.page\/index.php\/produkt\/amadeo-led-140x200\/#breadcrumb"},"inLanguage":"de","potentialAction":[{"@type":"ReadAction","target":["https:\/\/condescending-allen.85-214-6-170.plesk.page\/index.php\/produkt\/amadeo-led-140x200\/"]}]},{"@type":"ImageObject","inLanguage":"de","@id":"https:\/\/condescending-allen.85-214-6-170.plesk.page\/index.php\/produkt\/amadeo-led-140x200\/#primaryimage","url":"https:\/\/condescending-allen.85-214-6-170.plesk.page\/wp-content\/uploads\/2026\/01\/c4e03e2b-6783-4702-7069-08da7abfe2e3-scaled.jpeg","contentUrl":"https:\/\/condescending-allen.85-214-6-170.plesk.page\/wp-content\/uploads\/2026\/01\/c4e03e2b-6783-4702-7069-08da7abfe2e3-scaled.jpeg","width":2560,"height":1442},{"@type":"BreadcrumbList","@id":"https:\/\/condescending-allen.85-214-6-170.plesk.page\/index.php\/produkt\/amadeo-led-140x200\/#breadcrumb","itemListElement":[{"@type":"ListItem","position":1,"name":"Start","item":"https:\/\/condescending-allen.85-214-6-170.plesk.page\/"},{"@type":"ListItem","position":2,"name":"Shop","item":"https:\/\/condescending-allen.85-214-6-170.plesk.page\/index.php\/shop\/"},{"@type":"ListItem","position":3,"name":"Amadeo LED 140X200"}]},{"@type":"WebSite","@id":"https:\/\/condescending-allen.85-214-6-170.plesk.page\/#website","url":"https:\/\/condescending-allen.85-214-6-170.plesk.page\/","name":"M\u00f6bel Daniels","description":"","publisher":{"@id":"https:\/\/condescending-allen.85-214-6-170.plesk.page\/#organization"},"potentialAction":[{"@type":"SearchAction","target":{"@type":"EntryPoint","urlTemplate":"https:\/\/condescending-allen.85-214-6-170.plesk.page\/?s={search_term_string}"},"query-input":{"@type":"PropertyValueSpecification","valueRequired":true,"valueName":"search_term_string"}}],"inLanguage":"de"},{"@type":"Organization","@id":"https:\/\/condescending-allen.85-214-6-170.plesk.page\/#organization","name":"M\u00f6bel Daniels","url":"https:\/\/condescending-allen.85-214-6-170.plesk.page\/","logo":{"@type":"ImageObject","inLanguage":"de","@id":"https:\/\/condescending-allen.85-214-6-170.plesk.page\/#\/schema\/logo\/image\/","url":"https:\/\/condescending-allen.85-214-6-170.plesk.page\/wp-content\/uploads\/2026\/01\/Logo-v1-anthrazit-Wasserzeichen-kleiner.png","contentUrl":"https:\/\/condescending-allen.85-214-6-170.plesk.page\/wp-content\/uploads\/2026\/01\/Logo-v1-anthrazit-Wasserzeichen-kleiner.png","width":300,"height":125,"caption":"M\u00f6bel Daniels"},"image":{"@id":"https:\/\/condescending-allen.85-214-6-170.plesk.page\/#\/schema\/logo\/image\/"}}]}},"jetpack_sharing_enabled":true,"_links":{"self":[{"href":"https:\/\/condescending-allen.85-214-6-170.plesk.page\/index.php\/wp-json\/wp\/v2\/product\/427","targetHints":{"allow":["GET"]}}],"collection":[{"href":"https:\/\/condescending-allen.85-214-6-170.plesk.page\/index.php\/wp-json\/wp\/v2\/product"}],"about":[{"href":"https:\/\/condescending-allen.85-214-6-170.plesk.page\/index.php\/wp-json\/wp\/v2\/types\/product"}],"replies":[{"embeddable":true,"href":"https:\/\/condescending-allen.85-214-6-170.plesk.page\/index.php\/wp-json\/wp\/v2\/comments?post=427"}],"version-history":[{"count":0,"href":"https:\/\/condescending-allen.85-214-6-170.plesk.page\/index.php\/wp-json\/wp\/v2\/product\/427\/revisions"}],"wp:featuredmedia":[{"embeddable":true,"href":"https:\/\/condescending-allen.85-214-6-170.plesk.page\/index.php\/wp-json\/wp\/v2\/media\/429"}],"wp:attachment":[{"href":"https:\/\/condescending-allen.85-214-6-170.plesk.page\/index.php\/wp-json\/wp\/v2\/media?parent=427"}],"wp:term":[{"taxonomy":"breite","embeddable":true,"href":"https:\/\/condescending-allen.85-214-6-170.plesk.page\/index.php\/wp-json\/wp\/v2\/breite?post=427"},{"taxonomy":"product_brand","embeddable":true,"href":"https:\/\/condescending-allen.85-214-6-170.plesk.page\/index.php\/wp-json\/wp\/v2\/product_brand?post=427"},{"taxonomy":"product_cat","embeddable":true,"href":"https:\/\/condescending-allen.85-214-6-170.plesk.page\/index.php\/wp-json\/wp\/v2\/product_cat?post=427"},{"taxonomy":"product_tag","embeddable":true,"href":"https:\/\/condescending-allen.85-214-6-170.plesk.page\/index.php\/wp-json\/wp\/v2\/product_tag?post=427"}],"curies":[{"name":"wp","href":"https:\/\/api.w.org\/{rel}","templated":true}]}}